{"id":609,"date":"2024-03-14T09:35:23","date_gmt":"2024-03-14T08:35:23","guid":{"rendered":"https:\/\/wielmetal.cz\/?post_type=product&#038;p=609"},"modified":"2024-12-16T01:17:58","modified_gmt":"2024-12-16T00:17:58","slug":"nogi-do-stolu-70x70cm-metalowe-80x40mm-noga","status":"publish","type":"product","link":"https:\/\/wielmetal.cz\/?product=nogi-do-stolu-70x70cm-metalowe-80x40mm-noga","title":{"rendered":"NOGI DO STO\u0141U 70x70cm METALOWE 80x40mm (Zestaw &#8211; 2 sztuki)"},"content":{"rendered":"<p>Nogi do sto\u0142u o wymiarach\u00a0<b>70cm x 70cm<\/b>. Wykonane z\u00a0<b>profilu stalowego 80x40mm<\/b>. Produkt zosta\u0142 wykonany\u00a0<b>w Polsce<\/b>, przez\u00a0<b>profesjonalna firm\u0119<\/b>.<\/p>\n<p>Nogi s\u0105 wykonane z\u00a0<b>grubych i wytrzyma\u0142ych<\/b>\u00a0profili, co zapewnia wysok\u0105\u00a0<b>stabilno\u015b\u0107 i wytrzyma\u0142o\u015b\u0107<\/b>.<\/p>\n<p>Blacha mocuj\u0105ca blat ma grubo\u015b\u0107\u00a0<b>3mm<\/b>, przez co blat b\u0119dzie\u00a0<b>solidnie przytwierdzony do n\u00f3g<\/b>\u00a0oraz nie b\u0119dzie si\u0119 buja\u0142.<\/p>\n<p>Nogi od spodu posiadaj\u0105\u00a0<b>stopki w postaci plastikowych za\u015blepek zapobiegaj\u0105ce rysowaniu si\u0119 pod\u0142ogi.<\/b><\/p>\n<p>Nogi wykonane s\u0105 z najwy\u017csz\u0105 staranno\u015bci\u0105 oraz z u\u017cyciem najlepszych materia\u0142\u00f3w.<\/p>\n<p>Produkt jest\u00a0<b>piaskowany<\/b>, a nast\u0119pnie\u00a0<b>malowany najlepszym mo\u017cliwym sposobem- malowany proszkowo!<\/b><\/p>\n<p>Gwarantuje to bardzo du\u017c\u0105\u00a0<b>jako\u015b\u0107, estetyczno\u015b\u0107 oraz wytrzyma\u0142o\u015b\u0107 pow\u0142oki malarskiej.<\/b><\/p>\n<p><b>Kolor lakieru: RAL 9005 CZARNY STRUKTURA<\/b><\/p>\n<p>Nadaje si\u0119 do sto\u0142\u00f3w, biurek, itp.<\/p>\n<p>G\u00f3rna cz\u0119\u015b\u0107 posiada 22 otwory mocuj\u0105ce. <strong>(12 otwor\u00f3w fi 5 oraz 10 otwor\u00f3w fi 8)<\/strong>.<\/p>\n<p><b>Rozmiar\u00a0<\/b><b>p\u0142askiej cz\u0119\u015bci mocuj\u0105cej to a\u017c 15cm x 80cm!<\/b><\/p>\n<p>Cena dotyczy<b>\u00a02 sztuk<\/b><\/p>\n","protected":false},"excerpt":{"rendered":"<p>Nogi do sto\u0142u o wymiarach\u00a070cm x 70cm. Wykonane z\u00a0profilu stalowego 80x40mm. Produkt zosta\u0142 wykonany\u00a0w Polsce, przez\u00a0profesjonalna firm\u0119. Nogi s\u0105 wykonane z\u00a0grubych i wytrzyma\u0142ych\u00a0profili, co zapewnia wysok\u0105\u00a0stabilno\u015b\u0107 i wytrzyma\u0142o\u015b\u0107. Blacha mocuj\u0105ca blat ma grubo\u015b\u0107\u00a03mm, przez co blat b\u0119dzie\u00a0solidnie przytwierdzony do n\u00f3g\u00a0oraz nie b\u0119dzie si\u0119 buja\u0142. Nogi od spodu posiadaj\u0105\u00a0stopki w postaci plastikowych za\u015blepek zapobiegaj\u0105ce rysowaniu si\u0119 [&hellip;]<\/p>\n","protected":false},"featured_media":599,"comment_status":"open","ping_status":"closed","template":"","meta":[],"product_brand":[],"product_cat":[24],"product_tag":[26,25],"class_list":{"0":"post-609","1":"product","2":"type-product","3":"status-publish","4":"has-post-thumbnail","6":"product_cat-nogi-do-stolow","7":"product_tag-kwadratowe","8":"product_tag-nogi-do-stolu","10":"first","11":"instock","12":"sale","13":"shipping-taxable","14":"purchasable","15":"product-type-simple"},"yoast_head":"<!-- This site is optimized with the Yoast SEO plugin v25.0 - https:\/\/yoast.com\/wordpress\/plugins\/seo\/ -->\n<title>NOGI DO STO\u0141U 70x70cm METALOWE 80x40mm (Zestaw - 2 sztuki) - WielMetal<\/title>\n<meta name=\"robots\" content=\"index, follow, max-snippet:-1, max-image-preview:large, max-video-preview:-1\" \/>\n<link rel=\"canonical\" href=\"https:\/\/wielmetal.cz\/produkt\/nogi-do-stolu-70x70cm-metalowe-80x40mm-noga\/\" \/>\n<meta property=\"og:locale\" content=\"pl_PL\" \/>\n<meta property=\"og:type\" content=\"article\" \/>\n<meta property=\"og:title\" content=\"NOGI DO STO\u0141U 70x70cm METALOWE 80x40mm (Zestaw - 2 sztuki) - WielMetal\" \/>\n<meta property=\"og:description\" content=\"Nogi do sto\u0142u o wymiarach\u00a070cm x 70cm. Wykonane z\u00a0profilu stalowego 80x40mm. Produkt zosta\u0142 wykonany\u00a0w Polsce, przez\u00a0profesjonalna firm\u0119. Nogi s\u0105 wykonane z\u00a0grubych i wytrzyma\u0142ych\u00a0profili, co zapewnia wysok\u0105\u00a0stabilno\u015b\u0107 i wytrzyma\u0142o\u015b\u0107. Blacha mocuj\u0105ca blat ma grubo\u015b\u0107\u00a03mm, przez co blat b\u0119dzie\u00a0solidnie przytwierdzony do n\u00f3g\u00a0oraz nie b\u0119dzie si\u0119 buja\u0142. Nogi od spodu posiadaj\u0105\u00a0stopki w postaci plastikowych za\u015blepek zapobiegaj\u0105ce rysowaniu si\u0119 [&hellip;]\" \/>\n<meta property=\"og:url\" content=\"https:\/\/wielmetal.cz\/produkt\/nogi-do-stolu-70x70cm-metalowe-80x40mm-noga\/\" \/>\n<meta property=\"og:site_name\" content=\"WielMetal\" \/>\n<meta property=\"article:modified_time\" content=\"2024-12-16T00:17:58+00:00\" \/>\n<meta property=\"og:image\" content=\"https:\/\/wielmetal.cz\/wp-content\/uploads\/2024\/03\/Nogi-do-stolu-LOFT-INDUSTRIAL-70x70cm-Metalowe-80x40mm-Noga-2-SZT.webp\" \/>\n\t<meta property=\"og:image:width\" content=\"512\" \/>\n\t<meta property=\"og:image:height\" content=\"509\" \/>\n\t<meta property=\"og:image:type\" content=\"image\/webp\" \/>\n<meta name=\"twitter:card\" content=\"summary_large_image\" \/>\n<meta name=\"twitter:label1\" content=\"Szacowany czas czytania\" \/>\n\t<meta name=\"twitter:data1\" content=\"2 minuty\" \/>\n<script type=\"application\/ld+json\" class=\"yoast-schema-graph\">{\"@context\":\"https:\/\/schema.org\",\"@graph\":[{\"@type\":\"WebPage\",\"@id\":\"https:\/\/wielmetal.cz\/produkt\/nogi-do-stolu-70x70cm-metalowe-80x40mm-noga\/\",\"url\":\"https:\/\/wielmetal.cz\/produkt\/nogi-do-stolu-70x70cm-metalowe-80x40mm-noga\/\",\"name\":\"NOGI DO STO\u0141U 70x70cm METALOWE 80x40mm (Zestaw - 2 sztuki) - WielMetal\",\"isPartOf\":{\"@id\":\"https:\/\/wielmetal.cz\/#website\"},\"primaryImageOfPage\":{\"@id\":\"https:\/\/wielmetal.cz\/produkt\/nogi-do-stolu-70x70cm-metalowe-80x40mm-noga\/#primaryimage\"},\"image\":{\"@id\":\"https:\/\/wielmetal.cz\/produkt\/nogi-do-stolu-70x70cm-metalowe-80x40mm-noga\/#primaryimage\"},\"thumbnailUrl\":\"https:\/\/wielmetal.cz\/wp-content\/uploads\/2024\/03\/Nogi-do-stolu-LOFT-INDUSTRIAL-70x70cm-Metalowe-80x40mm-Noga-2-SZT.webp\",\"datePublished\":\"2024-03-14T08:35:23+00:00\",\"dateModified\":\"2024-12-16T00:17:58+00:00\",\"breadcrumb\":{\"@id\":\"https:\/\/wielmetal.cz\/produkt\/nogi-do-stolu-70x70cm-metalowe-80x40mm-noga\/#breadcrumb\"},\"inLanguage\":\"pl-PL\",\"potentialAction\":[{\"@type\":\"ReadAction\",\"target\":[\"https:\/\/wielmetal.cz\/produkt\/nogi-do-stolu-70x70cm-metalowe-80x40mm-noga\/\"]}]},{\"@type\":\"ImageObject\",\"inLanguage\":\"pl-PL\",\"@id\":\"https:\/\/wielmetal.cz\/produkt\/nogi-do-stolu-70x70cm-metalowe-80x40mm-noga\/#primaryimage\",\"url\":\"https:\/\/wielmetal.cz\/wp-content\/uploads\/2024\/03\/Nogi-do-stolu-LOFT-INDUSTRIAL-70x70cm-Metalowe-80x40mm-Noga-2-SZT.webp\",\"contentUrl\":\"https:\/\/wielmetal.cz\/wp-content\/uploads\/2024\/03\/Nogi-do-stolu-LOFT-INDUSTRIAL-70x70cm-Metalowe-80x40mm-Noga-2-SZT.webp\",\"width\":512,\"height\":509},{\"@type\":\"BreadcrumbList\",\"@id\":\"https:\/\/wielmetal.cz\/produkt\/nogi-do-stolu-70x70cm-metalowe-80x40mm-noga\/#breadcrumb\",\"itemListElement\":[{\"@type\":\"ListItem\",\"position\":1,\"name\":\"Strona g\u0142\u00f3wna\",\"item\":\"https:\/\/wielmetal.cz\/\"},{\"@type\":\"ListItem\",\"position\":2,\"name\":\"Sklep\",\"item\":\"https:\/\/wielmetal.cz\/?page_id=374\"},{\"@type\":\"ListItem\",\"position\":3,\"name\":\"NOGI DO STO\u0141U 70x70cm METALOWE 80x40mm (Zestaw &#8211; 2 sztuki)\"}]},{\"@type\":\"WebSite\",\"@id\":\"https:\/\/wielmetal.cz\/#website\",\"url\":\"https:\/\/wielmetal.cz\/\",\"name\":\"WielMetal\",\"description\":\"Polski producent artyku\u0142\u00f3w metalowych.\",\"publisher\":{\"@id\":\"https:\/\/wielmetal.cz\/#organization\"},\"potentialAction\":[{\"@type\":\"SearchAction\",\"target\":{\"@type\":\"EntryPoint\",\"urlTemplate\":\"https:\/\/wielmetal.cz\/?s={search_term_string}\"},\"query-input\":{\"@type\":\"PropertyValueSpecification\",\"valueRequired\":true,\"valueName\":\"search_term_string\"}}],\"inLanguage\":\"pl-PL\"},{\"@type\":\"Organization\",\"@id\":\"https:\/\/wielmetal.cz\/#organization\",\"name\":\"WielMetal\",\"url\":\"https:\/\/wielmetal.cz\/\",\"logo\":{\"@type\":\"ImageObject\",\"inLanguage\":\"pl-PL\",\"@id\":\"https:\/\/wielmetal.cz\/#\/schema\/logo\/image\/\",\"url\":\"https:\/\/wielmetal.cz\/wp-content\/uploads\/2023\/08\/WielMetal-1.png\",\"contentUrl\":\"https:\/\/wielmetal.cz\/wp-content\/uploads\/2023\/08\/WielMetal-1.png\",\"width\":350,\"height\":100,\"caption\":\"WielMetal\"},\"image\":{\"@id\":\"https:\/\/wielmetal.cz\/#\/schema\/logo\/image\/\"}}]}<\/script>\n<!-- \/ Yoast SEO plugin. -->","yoast_head_json":{"title":"NOGI DO STO\u0141U 70x70cm METALOWE 80x40mm (Zestaw - 2 sztuki) - WielMetal","robots":{"index":"index","follow":"follow","max-snippet":"max-snippet:-1","max-image-preview":"max-image-preview:large","max-video-preview":"max-video-preview:-1"},"canonical":"https:\/\/wielmetal.cz\/produkt\/nogi-do-stolu-70x70cm-metalowe-80x40mm-noga\/","og_locale":"pl_PL","og_type":"article","og_title":"NOGI DO STO\u0141U 70x70cm METALOWE 80x40mm (Zestaw - 2 sztuki) - WielMetal","og_description":"Nogi do sto\u0142u o wymiarach\u00a070cm x 70cm. Wykonane z\u00a0profilu stalowego 80x40mm. Produkt zosta\u0142 wykonany\u00a0w Polsce, przez\u00a0profesjonalna firm\u0119. Nogi s\u0105 wykonane z\u00a0grubych i wytrzyma\u0142ych\u00a0profili, co zapewnia wysok\u0105\u00a0stabilno\u015b\u0107 i wytrzyma\u0142o\u015b\u0107. Blacha mocuj\u0105ca blat ma grubo\u015b\u0107\u00a03mm, przez co blat b\u0119dzie\u00a0solidnie przytwierdzony do n\u00f3g\u00a0oraz nie b\u0119dzie si\u0119 buja\u0142. Nogi od spodu posiadaj\u0105\u00a0stopki w postaci plastikowych za\u015blepek zapobiegaj\u0105ce rysowaniu si\u0119 [&hellip;]","og_url":"https:\/\/wielmetal.cz\/produkt\/nogi-do-stolu-70x70cm-metalowe-80x40mm-noga\/","og_site_name":"WielMetal","article_modified_time":"2024-12-16T00:17:58+00:00","og_image":[{"width":512,"height":509,"url":"https:\/\/wielmetal.cz\/wp-content\/uploads\/2024\/03\/Nogi-do-stolu-LOFT-INDUSTRIAL-70x70cm-Metalowe-80x40mm-Noga-2-SZT.webp","type":"image\/webp"}],"twitter_card":"summary_large_image","twitter_misc":{"Szacowany czas czytania":"2 minuty"},"schema":{"@context":"https:\/\/schema.org","@graph":[{"@type":"WebPage","@id":"https:\/\/wielmetal.cz\/produkt\/nogi-do-stolu-70x70cm-metalowe-80x40mm-noga\/","url":"https:\/\/wielmetal.cz\/produkt\/nogi-do-stolu-70x70cm-metalowe-80x40mm-noga\/","name":"NOGI DO STO\u0141U 70x70cm METALOWE 80x40mm (Zestaw - 2 sztuki) - WielMetal","isPartOf":{"@id":"https:\/\/wielmetal.cz\/#website"},"primaryImageOfPage":{"@id":"https:\/\/wielmetal.cz\/produkt\/nogi-do-stolu-70x70cm-metalowe-80x40mm-noga\/#primaryimage"},"image":{"@id":"https:\/\/wielmetal.cz\/produkt\/nogi-do-stolu-70x70cm-metalowe-80x40mm-noga\/#primaryimage"},"thumbnailUrl":"https:\/\/wielmetal.cz\/wp-content\/uploads\/2024\/03\/Nogi-do-stolu-LOFT-INDUSTRIAL-70x70cm-Metalowe-80x40mm-Noga-2-SZT.webp","datePublished":"2024-03-14T08:35:23+00:00","dateModified":"2024-12-16T00:17:58+00:00","breadcrumb":{"@id":"https:\/\/wielmetal.cz\/produkt\/nogi-do-stolu-70x70cm-metalowe-80x40mm-noga\/#breadcrumb"},"inLanguage":"pl-PL","potentialAction":[{"@type":"ReadAction","target":["https:\/\/wielmetal.cz\/produkt\/nogi-do-stolu-70x70cm-metalowe-80x40mm-noga\/"]}]},{"@type":"ImageObject","inLanguage":"pl-PL","@id":"https:\/\/wielmetal.cz\/produkt\/nogi-do-stolu-70x70cm-metalowe-80x40mm-noga\/#primaryimage","url":"https:\/\/wielmetal.cz\/wp-content\/uploads\/2024\/03\/Nogi-do-stolu-LOFT-INDUSTRIAL-70x70cm-Metalowe-80x40mm-Noga-2-SZT.webp","contentUrl":"https:\/\/wielmetal.cz\/wp-content\/uploads\/2024\/03\/Nogi-do-stolu-LOFT-INDUSTRIAL-70x70cm-Metalowe-80x40mm-Noga-2-SZT.webp","width":512,"height":509},{"@type":"BreadcrumbList","@id":"https:\/\/wielmetal.cz\/produkt\/nogi-do-stolu-70x70cm-metalowe-80x40mm-noga\/#breadcrumb","itemListElement":[{"@type":"ListItem","position":1,"name":"Strona g\u0142\u00f3wna","item":"https:\/\/wielmetal.cz\/"},{"@type":"ListItem","position":2,"name":"Sklep","item":"https:\/\/wielmetal.cz\/?page_id=374"},{"@type":"ListItem","position":3,"name":"NOGI DO STO\u0141U 70x70cm METALOWE 80x40mm (Zestaw &#8211; 2 sztuki)"}]},{"@type":"WebSite","@id":"https:\/\/wielmetal.cz\/#website","url":"https:\/\/wielmetal.cz\/","name":"WielMetal","description":"Polski producent artyku\u0142\u00f3w metalowych.","publisher":{"@id":"https:\/\/wielmetal.cz\/#organization"},"potentialAction":[{"@type":"SearchAction","target":{"@type":"EntryPoint","urlTemplate":"https:\/\/wielmetal.cz\/?s={search_term_string}"},"query-input":{"@type":"PropertyValueSpecification","valueRequired":true,"valueName":"search_term_string"}}],"inLanguage":"pl-PL"},{"@type":"Organization","@id":"https:\/\/wielmetal.cz\/#organization","name":"WielMetal","url":"https:\/\/wielmetal.cz\/","logo":{"@type":"ImageObject","inLanguage":"pl-PL","@id":"https:\/\/wielmetal.cz\/#\/schema\/logo\/image\/","url":"https:\/\/wielmetal.cz\/wp-content\/uploads\/2023\/08\/WielMetal-1.png","contentUrl":"https:\/\/wielmetal.cz\/wp-content\/uploads\/2023\/08\/WielMetal-1.png","width":350,"height":100,"caption":"WielMetal"},"image":{"@id":"https:\/\/wielmetal.cz\/#\/schema\/logo\/image\/"}}]}},"_links":{"self":[{"href":"https:\/\/wielmetal.cz\/index.php?rest_route=\/wp\/v2\/product\/609","targetHints":{"allow":["GET"]}}],"collection":[{"href":"https:\/\/wielmetal.cz\/index.php?rest_route=\/wp\/v2\/product"}],"about":[{"href":"https:\/\/wielmetal.cz\/index.php?rest_route=\/wp\/v2\/types\/product"}],"replies":[{"embeddable":true,"href":"https:\/\/wielmetal.cz\/index.php?rest_route=%2Fwp%2Fv2%2Fcomments&post=609"}],"wp:featuredmedia":[{"embeddable":true,"href":"https:\/\/wielmetal.cz\/index.php?rest_route=\/wp\/v2\/media\/599"}],"wp:attachment":[{"href":"https:\/\/wielmetal.cz\/index.php?rest_route=%2Fwp%2Fv2%2Fmedia&parent=609"}],"wp:term":[{"taxonomy":"product_brand","embeddable":true,"href":"https:\/\/wielmetal.cz\/index.php?rest_route=%2Fwp%2Fv2%2Fproduct_brand&post=609"},{"taxonomy":"product_cat","embeddable":true,"href":"https:\/\/wielmetal.cz\/index.php?rest_route=%2Fwp%2Fv2%2Fproduct_cat&post=609"},{"taxonomy":"product_tag","embeddable":true,"href":"https:\/\/wielmetal.cz\/index.php?rest_route=%2Fwp%2Fv2%2Fproduct_tag&post=609"}],"curies":[{"name":"wp","href":"https:\/\/api.w.org\/{rel}","templated":true}]}}